{"id":988,"date":"2022-02-06T15:46:43","date_gmt":"2022-02-06T13:46:43","guid":{"rendered":"https:\/\/transition.neel.cnrs.fr\/?page_id=988"},"modified":"2022-02-11T15:12:22","modified_gmt":"2022-02-11T13:12:22","slug":"appel-au-comite-national-de-la-recherche-scientifique","status":"publish","type":"page","link":"https:\/\/transition.neel.cnrs.fr\/index.php\/appel-au-comite-national-de-la-recherche-scientifique\/","title":{"rendered":"Interpellation du Comit\u00e9 National de la Recherche Scientifique"},"content":{"rendered":"\n<p>A l&rsquo;issue d&rsquo;un travail initi\u00e9 dans notre collectif, enrichi d&rsquo;\u00e9change avec le collectif campus-d&rsquo;apr\u00e8s Grenoble, un courrier \u00e0 \u00e9t\u00e9 envoy\u00e9 en Octobre 2021 au Comit\u00e9 National de la Recherche Scientifique (CoNRS).<\/p>\n\n\n\n<p>Ce courrier a \u00e9t\u00e9 co-sign\u00e9e par plus d&rsquo;une vingtaine de collectifs, commissions ou groupe \u0153uvrant \u00e0 la r\u00e9duction de l&#8217;empreinte carbone dans les laboratoires rattach\u00e9s au CNRS.<\/p>\n\n\n\n<p> Ce courrier fait remonter aupr\u00e8s de cette instance (qui joue un r\u00f4le cl\u00e9 dans l&rsquo;\u00e9valuation des chercheurs) la perception tr\u00e8s r\u00e9pandue que les \u00ab\u00a0<em>crit\u00e8res d&rsquo;\u00e9valuation de sections du Comit\u00e9 National comme fortement incitatifs \u00e0 une mobilit\u00e9 \u00e0 l&rsquo;\u00e9tranger<\/em>\u00ab\u00a0, ce qui pousse \u00e0 une hypermobilit\u00e9 en contradiction avec les objectifs de r\u00e9duction de nos \u00e9missions de gaz \u00e0 effet de serre. <\/p>\n\n\n\n<p class=\"has-text-align-right\"><a href=\"https:\/\/transition.neel.cnrs.fr\/index.php\/appel-au-comite-national-de-la-recherche-scientifique\/\" data-type=\"page\" data-id=\"988\">T\u00e9l\u00e9charger le courrier en pdf<\/a><\/p>\n\n\n\n<p>Destinataires :<\/p>\n\n\n\n<ul><li>Au pr\u00e9sident de la Conf\u00e9rence des Pr\u00e9sidents du CoNRS<\/li><li>\u00c0 la coordinatrice \u00e9lue des secr\u00e9taires des sections du CoNRS<\/li><li>Aux pr\u00e9sidents de toutes les sections du CoNRS<\/li><\/ul>\n\n\n\n<p>Signataires:<\/p>\n\n\n\n<figure class=\"wp-block-image size-large is-style-default\"><img loading=\"lazy\" width=\"1024\" height=\"346\" src=\"https:\/\/transition.neel.cnrs.fr\/wp-content\/uploads\/2022\/02\/Signataires_Lettre_CoNRS_2021-1024x346.jpg\" alt=\"\" class=\"wp-image-994\" srcset=\"https:\/\/transition.neel.cnrs.fr\/wp-content\/uploads\/2022\/02\/Signataires_Lettre_CoNRS_2021-1024x346.jpg 1024w, https:\/\/transition.neel.cnrs.fr\/wp-content\/uploads\/2022\/02\/Signataires_Lettre_CoNRS_2021-300x101.jpg 300w, https:\/\/transition.neel.cnrs.fr\/wp-content\/uploads\/2022\/02\/Signataires_Lettre_CoNRS_2021-768x259.jpg 768w, https:\/\/transition.neel.cnrs.fr\/wp-content\/uploads\/2022\/02\/Signataires_Lettre_CoNRS_2021.jpg 1362w\" sizes=\"(max-width: 706px) 89vw, (max-width: 767px) 82vw, 740px\" \/><\/figure>\n\n\n\n<p class=\"has-text-align-center has-medium-font-size\">Texte du courrier<\/p>\n\n\n\n<p class=\"has-text-align-right\">Le 13 octobre 2021<\/p>\n\n\n\n<p>A l\u2019attention des sections du Comit\u00e9 National de la Recherche Scientifique,<\/p>\n\n\n\n<p>Le changement climatique est une pr\u00e9occupation majeure de nos concitoyens mais aussi des acteurs du monde de la recherche. Les enqu\u00eates r\u00e9centes de Labos 1point5 et de RogueESR montrent que plus de 80% de nos coll\u00e8gues<a href=\"#_ftn1\">[1]<\/a> aspirent \u00e0 des changements profonds dans la pratique de nos m\u00e9tiers afin de r\u00e9duire nos \u00e9missions de gaz \u00e0 effet de serre.<\/p>\n\n\n\n<p>Depuis l&rsquo;an pass\u00e9, la Direction du CNRS invite<a href=\"#_ftn2\">[2]<\/a> d\u2019ailleurs ses laboratoires \u00e0 \u00e9tablir leur bilan de gaz \u00e0 effet de serre et \u00e0 \u00ab\u00a0<em>trouv[er] les solutions permettant de soutenir une recherche d\u2019excellence, tout en int\u00e9grant l\u2019urgence des situations, tant environnementales que soci\u00e9tales.<\/em>\u00ab\u00a0<\/p>\n\n\n\n<p>Les bilans \u00e9tablis dans les laboratoires montrent qu&rsquo;une part importante -parfois majoritaire- des \u00e9missions est due aux seuls d\u00e9placements en avion des chercheurs. R\u00e9duire durablement nos \u00e9missions n\u00e9cessite donc une r\u00e9duction significative du nombre de vols, en particulier ceux \u00e0 longue distance qui impactent particuli\u00e8rement ces bilans.<\/p>\n\n\n\n<p>Les collectifs, commissions ou directions cosignataires de ce courrier \u0153uvrent \u00e0 l\u2019\u00e9chelle des laboratoires pour sensibiliser \u00e0 ces enjeux, mais se heurtent fr\u00e9quemment \u00e0 une objection dont nous souhaitions vous faire part.<\/p>\n\n\n\n<p>Des chercheurs CNRS ressentent des crit\u00e8res d&rsquo;\u00e9valuation de sections du Comit\u00e9 National comme fortement incitatifs \u00e0 une mobilit\u00e9 \u00e0 l&rsquo;\u00e9tranger. Avancement ou Climat, pourquoi faudrait-il choisir&nbsp;?<\/p>\n\n\n\n<p>Nous appr\u00e9cions l&rsquo;importance du crit\u00e8re de \u00ab\u00a0rayonnement international\u00a0\u00bb dans l\u2019\u00e9valuation d\u2019un chercheur. Malheureusement, l\u2019unit\u00e9 de mesure de ce rayonnement est souvent per\u00e7ue comme \u00e9tant la visibilit\u00e9 individuelle, la surface d&rsquo;exposition lors d\u2019\u00e9v\u00e8nements internationaux, voire le nombre de \u00ab\u00a0<em>s\u00e9jours courts [..] \u00e0 l&rsquo;\u00e9tranger<\/em>\u00a0\u00bb ou de \u00ab\u00a0<em>participation[s] aux jurys de th\u00e8se ou d&rsquo;habilitation [\u2026] \u00e0 l&rsquo;\u00e9tranger<\/em>\u00a0\u00bb <a href=\"#_ftn3\">[3]<\/a>.<\/p>\n\n\n\n<p>Ainsi, pour nos coll\u00e8gues aspirant \u00e0 une promotion, accepter syst\u00e9matiquement toute invitation lointaine est per\u00e7u comme une strat\u00e9gie payante. A contrario, adopter une mobilit\u00e9 internationale sobre en carbone apparait comme un choix de carri\u00e8re plus hasardeux.<\/p>\n\n\n\n<p>Nous esp\u00e9rons que vous serez sensibles \u00e0 cette remont\u00e9e du terrain, et que les nouveaux crit\u00e8res d&rsquo;\u00e9valuation et les nouvelles \u00ab&nbsp;recommandations aux candidats \u00bb ne donneront pas l&rsquo;impression de valoriser syst\u00e9matiquement toute forme de mobilit\u00e9 internationale ind\u00e9pendamment de son co\u00fbt climatique.<\/p>\n\n\n\n<p>Avec l\u2019expression de notre confiance et de nos respectueuses salutations,<\/p>\n\n\n\n<hr class=\"wp-block-separator\"\/>\n\n\n\n<p><a href=\"#_ftnref1\">[1]<\/a> 88% d&rsquo;apr\u00e8s <a href=\"https:\/\/labos1point5.org\/les-enquetes\/enquete1-resultat\">l&rsquo;enqu\u00eate de labos1point5 <\/a>&nbsp;et 84% d&rsquo;apr\u00e8s <a href=\"https:\/\/rogueesr.fr\/sondage-rogueesr\/\">l&rsquo;enqu\u00eate de RogueESR<\/a> (ces deux collectifs nationaux ne sont pas li\u00e9s \u00e0 la pr\u00e9sente initiative).<\/p>\n\n\n\n<p><a href=\"#_ftnref2\">[2]<\/a>&nbsp; https:\/\/www.cnrs.fr\/fr\/recherche-et-developpement-durable-le-cnrs-poursuit-son-engagement<\/p>\n\n\n\n<p><a href=\"#_ftnref3\">[3]<\/a> les exemples en italique sont donn\u00e9s \u00e0 titre illustratif. Il ont \u00e9t\u00e9 arbitrairement relev\u00e9s dans les crit\u00e8res actuellement en ligne parmi la premi\u00e8re dizaine de sections du Comit\u00e9 National, cf <a href=\"http:\/\/www.cnrs.fr\/comitenational\/evaluation\/criteresdevaluation\/07_criteres_2018.html\">a<\/a> <a href=\"http:\/\/www.cnrs.fr\/comitenational\/evaluation\/criteresdevaluation\/09_criteres_2018.html\">b<\/a> <a href=\"http:\/\/www.cnrs.fr\/comitenational\/evaluation\/criteresdevaluation\/10_criteres_2018.html\">c<\/a> <a href=\"http:\/\/www.cnrs.fr\/comitenational\/evaluation\/criteresdevaluation\/06_criteres_2018.html\">d<\/a> .<\/p>\n\n\n\n<p> <\/p>\n","protected":false},"excerpt":{"rendered":"<p>A l&rsquo;issue d&rsquo;un travail initi\u00e9 dans notre collectif, enrichi d&rsquo;\u00e9change avec le collectif campus-d&rsquo;apr\u00e8s Grenoble, un courrier \u00e0 \u00e9t\u00e9 envoy\u00e9 en Octobre 2021 au Comit\u00e9 National de la Recherche Scientifique (CoNRS). Ce courrier a \u00e9t\u00e9 co-sign\u00e9e par plus d&rsquo;une vingtaine de collectifs, commissions ou groupe \u0153uvrant \u00e0 la r\u00e9duction de l&#8217;empreinte carbone dans les laboratoires &hellip; <\/p>\n<p class=\"link-more\"><a href=\"https:\/\/transition.neel.cnrs.fr\/index.php\/appel-au-comite-national-de-la-recherche-scientifique\/\" class=\"more-link\">Continuer la lecture<span class=\"screen-reader-text\"> de &laquo;&nbsp;Interpellation du Comit\u00e9 National de la Recherche Scientifique&nbsp;&raquo;<\/span><\/a><\/p>\n","protected":false},"author":3,"featured_media":0,"parent":0,"menu_order":0,"comment_status":"closed","ping_status":"closed","template":"","meta":[],"_links":{"self":[{"href":"https:\/\/transition.neel.cnrs.fr\/index.php\/wp-json\/wp\/v2\/pages\/988"}],"collection":[{"href":"https:\/\/transition.neel.cnrs.fr\/index.php\/wp-json\/wp\/v2\/pages"}],"about":[{"href":"https:\/\/transition.neel.cnrs.fr\/index.php\/wp-json\/wp\/v2\/types\/page"}],"author":[{"embeddable":true,"href":"https:\/\/transition.neel.cnrs.fr\/index.php\/wp-json\/wp\/v2\/users\/3"}],"replies":[{"embeddable":true,"href":"https:\/\/transition.neel.cnrs.fr\/index.php\/wp-json\/wp\/v2\/comments?post=988"}],"version-history":[{"count":5,"href":"https:\/\/transition.neel.cnrs.fr\/index.php\/wp-json\/wp\/v2\/pages\/988\/revisions"}],"predecessor-version":[{"id":1009,"href":"https:\/\/transition.neel.cnrs.fr\/index.php\/wp-json\/wp\/v2\/pages\/988\/revisions\/1009"}],"wp:attachment":[{"href":"https:\/\/transition.neel.cnrs.fr\/index.php\/wp-json\/wp\/v2\/media?parent=988"}],"curies":[{"name":"wp","href":"https:\/\/api.w.org\/{rel}","templated":true}]}}