{"id":984,"date":"2022-02-06T15:24:48","date_gmt":"2022-02-06T13:24:48","guid":{"rendered":"https:\/\/transition.neel.cnrs.fr\/?page_id=984"},"modified":"2022-02-12T00:42:40","modified_gmt":"2022-02-11T22:42:40","slug":"liste-de-diffusion-pour-recuperation-de-materiel","status":"publish","type":"page","link":"https:\/\/transition.neel.cnrs.fr\/index.php\/liste-de-diffusion-pour-recuperation-de-materiel\/","title":{"rendered":"Op\u00e9rations de recyclage de mat\u00e9riel"},"content":{"rendered":"\n<p>La liste de courriel des sympathisants du collectif est r\u00e9guli\u00e8rement utilis\u00e9e pour diffuser des annonces invitant \u00e0 r\u00e9cup\u00e9rer du mat\u00e9riel avant qu&rsquo;il ne soit jet\u00e9.<\/p>\n\n\n\n<div class=\"wp-block-image is-style-default\"><figure class=\"aligncenter size-large\"><img loading=\"lazy\" width=\"403\" height=\"302\" src=\"https:\/\/transition.neel.cnrs.fr\/wp-content\/uploads\/2022\/02\/IMG_20210429_144414-1.jpg\" alt=\"\" class=\"wp-image-1028\" srcset=\"https:\/\/transition.neel.cnrs.fr\/wp-content\/uploads\/2022\/02\/IMG_20210429_144414-1.jpg 403w, https:\/\/transition.neel.cnrs.fr\/wp-content\/uploads\/2022\/02\/IMG_20210429_144414-1-300x225.jpg 300w\" sizes=\"(max-width: 403px) 100vw, 403px\" \/><figcaption>exemple d&rsquo;une op\u00e9ration \u00ab\u00a0benne ouverte\u00a0\u00bb<\/figcaption><\/figure><\/div>\n\n\n\n<p><\/p>\n","protected":false},"excerpt":{"rendered":"<p>La liste de courriel des sympathisants du collectif est r\u00e9guli\u00e8rement utilis\u00e9e pour diffuser des annonces invitant \u00e0 r\u00e9cup\u00e9rer du mat\u00e9riel avant qu&rsquo;il ne soit jet\u00e9.<\/p>\n","protected":false},"author":3,"featured_media":0,"parent":0,"menu_order":0,"comment_status":"closed","ping_status":"closed","template":"","meta":[],"_links":{"self":[{"href":"https:\/\/transition.neel.cnrs.fr\/index.php\/wp-json\/wp\/v2\/pages\/984"}],"collection":[{"href":"https:\/\/transition.neel.cnrs.fr\/index.php\/wp-json\/wp\/v2\/pages"}],"about":[{"href":"https:\/\/transition.neel.cnrs.fr\/index.php\/wp-json\/wp\/v2\/types\/page"}],"author":[{"embeddable":true,"href":"https:\/\/transition.neel.cnrs.fr\/index.php\/wp-json\/wp\/v2\/users\/3"}],"replies":[{"embeddable":true,"href":"https:\/\/transition.neel.cnrs.fr\/index.php\/wp-json\/wp\/v2\/comments?post=984"}],"version-history":[{"count":5,"href":"https:\/\/transition.neel.cnrs.fr\/index.php\/wp-json\/wp\/v2\/pages\/984\/revisions"}],"predecessor-version":[{"id":1029,"href":"https:\/\/transition.neel.cnrs.fr\/index.php\/wp-json\/wp\/v2\/pages\/984\/revisions\/1029"}],"wp:attachment":[{"href":"https:\/\/transition.neel.cnrs.fr\/index.php\/wp-json\/wp\/v2\/media?parent=984"}],"curies":[{"name":"wp","href":"https:\/\/api.w.org\/{rel}","templated":true}]}}