{"id":921,"date":"2022-01-21T11:43:44","date_gmt":"2022-01-21T09:43:44","guid":{"rendered":"https:\/\/transition.neel.cnrs.fr\/?page_id=921"},"modified":"2024-11-04T14:17:43","modified_gmt":"2024-11-04T12:17:43","slug":"seminaires","status":"publish","type":"page","link":"https:\/\/transition.neel.cnrs.fr\/index.php\/seminaires\/","title":{"rendered":""},"content":{"rendered":"\n<h2><strong>Les conf\u00e9rences du CLeT<\/strong><\/h2>\n\n\n\n<p class=\"has-black-color has-cyan-bluish-gray-background-color has-text-color has-background\"><strong class=\"\"><strong>Alexandre Mauries<\/strong>, <\/strong>Coordinateur RSE chez Cros, S.A.S \u00e0 Mission,  nous parlera de <strong class=\"\"><strong>l&rsquo;\u00e9volution de gouvernance d&rsquo;une PME : \u00ab\u00a0du refus de courir apr\u00e8s la croissance pour mieux promouvoir la prosp\u00e9rit\u00e9\u00a0\u00bb<\/strong> <\/strong>(1\/7\/2022)<\/p>\n\n\n\n<p class=\"has-small-font-size\"><em>Comment une PME familiale de plus de 200 ans d\u2019exp\u00e9rience \u00a0puise l\u2019\u00e9nergie de la transformation pour s\u2019interroger sur ses capacit\u00e9s \u00e0 concilier ses objectifs \u00e9conomiques avec ses engagements altruistes reli\u00e9s aux enjeux sociaux et environnementaux de ses activit\u00e9s. Changements de gouvernance. Evolutions au rythme des femmes et des hommes qui y contribuent.<\/em><\/p>\n\n\n\n<p class=\"has-black-color has-cyan-bluish-gray-background-color has-text-color has-background\"><strong class=\"\">Laurent B\u00e8gue-Shankland<\/strong>, Professeur en Psychologie Sociale (UGA) et Directeur de la Maison des Sciences de l&rsquo;Homme Alpes, nous parlera d&rsquo;<br>alimentation et neutralit\u00e9 carbone: l&rsquo;initiative \u00ab\u00a0lundi vert\u00a0\u00bb (3\/6\/2022)<\/p>\n\n\n\n<p class=\"has-small-font-size\">L<em>&lsquo;initiative Lundi Vert, une campagne de v\u00e9g\u00e9talisation de l&rsquo;alimentation un jour par semaine, pr\u00e9sente dans 40 pays et initi\u00e9e r\u00e9cemment en France repr\u00e9sente-t-elle une option pertinente pour diminuer les \u00e9missions de GES ? Quels en sont les ressorts et l&rsquo;impact ? Bilan et \u00e9clairages.<\/em><\/p>\n\n\n\n<p class=\"has-cyan-bluish-gray-color has-text-color has-small-font-size\">id\u00e9o (d&rsquo;environ XXMo) t\u00e9l\u00e9chargeable et visionnable en r\u00e9solution 720p<\/p>\n\n\n\n<p class=\"has-cyan-bluish-gray-color has-text-color has-small-font-size\"> (115Mo) sur la <a href=\"https:\/\/tube.nuagelibre.fr\/video-channels\/labos_en_transition\/videos\">chaine CLeT de nuagelibre.fr<\/a>  et en r\u00e9solution variable (1080p, 480p et 240p et podcast audio) sur la chaine  <a class=\"\" href=\"https:\/\/www.canal-u.tv\/chaines\/clet\">https:\/\/www.canal-u.tv\/chaines\/clet<\/a> .<\/p>\n\n\n\n<iframe loading=\"lazy\" src=\"https:\/\/www.canal-u.tv\/embed\/117166?t=0\" allowfullscreen=\"\" width=\"560\" height=\"315\"><\/iframe>\n\n\n\n<p class=\"has-cyan-bluish-gray-background-color has-background\"><strong class=\"\"><strong class=\"\"><strong class=\"\">Florian Fizaine<\/strong><\/strong><\/strong>,  Ma\u00eetre de Conf\u00e9rence en \u00c9conomie (Universit\u00e9 Savoie Mont-Blanc)<br>\u00ab\u00a0Positions anciennes et actuelles des \u00e9conomistes sur la question de la soutenabilit\u00e9 vs croissance\u00a0\u00bb (13\/05\/2022)<\/p>\n\n\n\n<p class=\"has-text-color has-small-font-size\" style=\"color:#959595\">vid\u00e9o (d&rsquo;environ 140Mo) t\u00e9l\u00e9chargeable et visionnable en r\u00e9solution maximale (720p) sur la <a href=\"https:\/\/tube.nuagelibre.fr\/video-channels\/labos_en_transition\/videos\">chaine CLeT de nuagelibre.fr<\/a>  et en r\u00e9solution moindre (480p, 240p et podcast audio) sur la chaine  <a class=\"\" href=\"https:\/\/www.canal-u.tv\/chaines\/clet\">https:\/\/www.canal-u.tv\/chaines\/clet<\/a> .<\/p>\n\n\n\n<iframe loading=\"lazy\" src=\"https:\/\/www.canal-u.tv\/embed\/116824?t=0\" allowfullscreen=\"\" width=\"560\" height=\"315\"><\/iframe>\n\n\n\n<p class=\"has-cyan-bluish-gray-background-color has-background\"><strong class=\"\"><strong class=\"\">Sophie Wahnich<\/strong>, <\/strong>Directrice de Recherche en Sciences Politiques (CNRS, UGA, laboratoire PACTE)<br>\u00ab\u00a0A quoi peut nous servir la r\u00e9volution fran\u00e7aise aujourd&rsquo;hui ?\u00a0\u00bb (06\/05\/2022)<\/p>\n\n\n\n<p class=\"has-cyan-bluish-gray-background-color has-background\"><strong class=\"\">Corinne Morel-Darleux<\/strong>, Autrice et essayiste<br>\u00ab\u00a0Autonomie et sobri\u00e9t\u00e9 : comment rendre la n\u00e9cessit\u00e9 d\u00e9sirable\u00a0\u00bb (28\/3\/2022)<\/p>\n\n\n\n<p class=\"has-small-font-size\"><em>Corinne Morel Darleux est l&rsquo;autrice de l&rsquo;essai Plutot couler en beaut\u00e9 que flotter sans gr\u00e2ce et de deux romans, L\u00e0 o\u00f9 le feu et l&rsquo;ours et Le gang des chevreuils rus\u00e9s, destin\u00e9 \u00e0 la jeunesse. Elle a \u00e9t\u00e9 conseill\u00e8re r\u00e9gionale en Auvergne-Rh\u00f4ne-Alpes jusqu&rsquo;en 2021. Install\u00e9e au pied du Vercors, elle pr\u00f4ne d\u00e9sormais l&rsquo;archip\u00e9lisation des \u00eelots de r\u00e9sistance face \u00e0 la d\u00e9gradation brutale du climat et de la biodiversit\u00e9, en m\u00ealant politique et po\u00e9tique, \u00e9cologie radicale et justice sociale, fictions d&rsquo;anticipation et dignit\u00e9 du pr\u00e9sent.<\/em><\/p>\n\n\n\n<p class=\"has-text-align-left has-text-color has-small-font-size\" style=\"color:#666d74\">vid\u00e9o (d&rsquo;environ 100Mo) pr\u00e9sente sur les <a href=\"https:\/\/tube.nuagelibre.fr\/video-channels\/labos_en_transition\/videos\">chaine CLeT sur nuagelibre.fr<\/a>  et <a class=\"\" href=\"https:\/\/www.canal-u.tv\/chaines\/clet\">https:\/\/www.canal-u.tv\/chaines\/clet<\/a><\/p>\n\n\n\n<iframe loading=\"lazy\" src=\"https:\/\/www.canal-u.tv\/embed\/115749?t=0\" allowfullscreen=\"\" width=\"560\" height=\"315\"><\/iframe>\n\n\n\n<!-- <iframe loading=\"lazy\" sandbox=\"allow-same-origin allow-scripts allow-popups\" src=\"https:\/\/tube.nuagelibre.fr\/videos\/embed\/f98f4e12-c86b-4f7a-8540-646070745c72\" allowfullscreen=\"\" width=\"560\" height=\"315\" frameborder=\"0\"><\/iframe> -->\n\n\n\n<p class=\"has-cyan-bluish-gray-background-color has-background\"><mark style=\"background-color:rgba(0, 0, 0, 0)\" class=\"has-inline-color has-vivid-purple-color\"><\/mark><strong class=\"\">Aur\u00e9lien Barrau<\/strong>&nbsp;&#8211; (LPSC) <br>\u00ab\u00a0Sur le&nbsp;devoir d&rsquo;exemplarit\u00e9 du monde acad\u00e9mique&nbsp;dans la conduite de la transition\u00a0\u00bb (4\/3\/2022)<\/p>\n\n\n\n<p class=\"has-text-color has-small-font-size\" style=\"color:#60656a\">vid\u00e9o (d&rsquo;environ 90Mo ) pr\u00e9sente sur la <a href=\"https:\/\/tube.nuagelibre.fr\/video-channels\/labos_en_transition\/videos\">chaine CLeT sur nuagelibre.fr<\/a> et  <a class=\"\" href=\"https:\/\/www.canal-u.tv\/chaines\/clet\">https:\/\/www.canal-u.tv\/chaines\/clet<\/a><\/p>\n\n\n\n<iframe loading=\"lazy\" src=\"https:\/\/www.canal-u.tv\/embed\/115752?t=0\" allowfullscreen=\"\" width=\"560\" height=\"315\"><\/iframe>\n\n\n\n<!-- <iframe loading=\"lazy\" sandbox=\"allow-same-origin allow-scripts allow-popups\" src=\"https:\/\/tube.nuagelibre.fr\/videos\/embed\/d5b6a9a6-31f6-41c3-8a6a-5d3669798f9e\" allowfullscreen=\"\" width=\"560\" height=\"315\" frameborder=\"0\"><\/iframe> -->\n\n\n\n<p class=\"has-small-font-size\"><a href=\"https:\/\/transition.neel.cnrs.fr\/AUDIO_Conf_Aurelien_Barrau_Exemplarite.mp3\">Lien audio<\/a> (50 Mo)<\/p>\n\n\n\n<p class=\"has-cyan-bluish-gray-background-color has-background\"><strong>Nicolas Gratiot <\/strong>(IGE) <br>\u00ab\u00a0Ma Terre en 180&prime;, ouvrir des pistes vers la sobri\u00e9t\u00e9 de nos labos\u00a0\u00bb (11\/01\/2022)<\/p>\n\n\n\n<p class=\"has-small-font-size\"><em>Apr\u00e8s avoir r\u00e9alis\u00e9 son bilan carbone au sein d&rsquo;une structure, il n&rsquo;est pas toujours ais\u00e9 de mobiliser un plus grand nombre et de d\u00e9finir une strat\u00e9gie. Ma Terre en 180&prime; est un atelier participatif qui vise \u00e0 reproduire la complexit\u00e9 des interactions sociales au sein du monde acad\u00e9mique et des laboratoires de recherche, pour \u00e9laborer des sc\u00e9narios de r\u00e9duction collectivement.<br>Ma Terre a \u00e9t\u00e9 adopt\u00e9e par l&rsquo;Universit\u00e9 Grenoble Alpes pour un d\u00e9ploiement massif en 2022. C&rsquo;est \u00e9galement l&rsquo;un des outils retenus pour le Groupement de Recherche national \u00ab\u00a0Labos1.5\u00a0\u00bb et son groupe de travail exp\u00e9rimentation.<\/em><\/p>\n\n\n\n<p class=\"has-small-font-size\"><em>Plus de 500 personnes de 53 villes et 9 pays ont d\u00e9j\u00e0 contribu\u00e9 \u00e0 l&rsquo;atelier, et ont ainsi pu esquisser des pistes de r\u00e9duction r\u00e9alistes et acceptables. Apr\u00e8s une pr\u00e9sentation g\u00e9n\u00e9rale de l&rsquo;atelier, nous pr\u00e9senterons les sc\u00e9narios les plus pl\u00e9biscit\u00e9s afin de susciter une base de discussion.<\/em><\/p>\n\n\n\n<p class=\"has-text-color has-small-font-size\" style=\"color:#545a5f\"><meta http-equiv=\"content-type\" content=\"text\/html; charset=utf-8\">vid\u00e9o (d&rsquo;environ 70Mo) pr\u00e9sente sur la <a href=\"https:\/\/tube.nuagelibre.fr\/video-channels\/labos_en_transition\/videos\">chaine CLeT sur nuagelibre.fr<\/a> et  <a class=\"\" href=\"https:\/\/www.canal-u.tv\/chaines\/clet\">https:\/\/www.canal-u.tv\/chaines\/clet<\/a><\/p>\n\n\n\n<iframe loading=\"lazy\" src=\"https:\/\/www.canal-u.tv\/embed\/115753?t=0\" allowfullscreen=\"\" width=\"560\" height=\"315\"><\/iframe>\n\n\n\n<!-- <iframe loading=\"lazy\" sandbox=\"allow-same-origin allow-scripts allow-popups\" src=\"https:\/\/tube.nuagelibre.fr\/videos\/embed\/84cb00fd-7bb9-4945-996d-d7dbb1d0a311\" allowfullscreen=\"\" width=\"560\" height=\"315\" frameborder=\"0\"><\/iframe> -->\n\n\n\n<p><\/p>\n\n\n\n<p class=\"has-cyan-bluish-gray-background-color has-background\"><strong>Hubert Gall\u00e9e<\/strong> (IGE) <br>\u00ab\u00a0Changement climatique en cours et \u00e0 venir\u00a0\u00bb (21\/9\/2021)<\/p>\n\n\n\n<p class=\"has-small-font-size\"><em>Dans ce s\u00e9minaire on passe en revue quelques \u00e9l\u00e9ments cl\u00e9s permettant de comprendre le changement climatique actuel et comment on en projette l\u2019\u00e9volution future, en mettant l\u2019accent sur les \u00e9v\u00e9nements les plus marquants qui impacteront notre vie de tous les jours, comme les \u00e9v\u00e9nements m\u00e9t\u00e9orologiques extr\u00eames.<\/em><\/p>\n\n\n\n<p><\/p>\n\n\n\n<p class=\"has-cyan-bluish-gray-background-color has-background\"><strong>Emmanuel Prados <\/strong>et<strong> Pierre-Yves Longaretti <\/strong>(INRIA)<br>\u00ab\u00a0Vers un effondrement de notre soci\u00e9t\u00e9 moderne?\u00a0\u00bb (27\/01\/2020)<\/p>\n\n\n\n<p class=\"has-small-font-size\"><em>Suivant une dynamique de croissance exponentielle dans un monde fini, l&rsquo;humanit\u00e9 est aujourd&rsquo;hui confront\u00e9e \u00e0 un certain nombre de d\u00e9fis sans pr\u00e9c\u00e9dent et \u00e9troitement entrem\u00eal\u00e9s.<br>&nbsp;Les limites environnementales sont d\u00e9sormais largement et irr\u00e9m\u00e9diablement d\u00e9pass\u00e9es (concentration des gaz \u00e0 effet de serre dans l&rsquo;atmosph\u00e8re, effondrement de la biodiversit\u00e9, \u00e9rosion des sols, p\u00e9nurie d&rsquo;eau douce\u2026). Si les m\u00e9canismes de blocage favorisant le statu quo sont nombreux, le fonctionnement de notre \u00e9conomie maintenant globalis\u00e9e est souvent point\u00e9 du doigt comme l\u2019un des moteurs de cette d\u00e9gradation environnementale g\u00e9n\u00e9ralis\u00e9e. Le s\u00e9minaire fera le point sur les fondements conceptuels et scientifiques de la notion d\u2019effondrement, tant du point de vue environnemental que soci\u00e9tal, et discutera de fa\u00e7on critique les principaux liens entre \u00e9nergie, \u00e9conomie, finance, et probl\u00e9matiques d\u2019effondrement. Quelques perspectives alternatives seront \u00e9bauch\u00e9es.<\/em><\/p>\n\n\n\n<p class=\"has-cyan-bluish-gray-background-color has-background\"><strong>Olivier Vidal<\/strong> <br>\u00ab\u00a0Mati\u00e8re premi\u00e8res et \u00e9nergie\u00a0\u00bb (25\/5\/ 2020 -&gt; report\u00e9 confinement)<\/p>\n\n\n\n<p class=\"has-small-font-size\"><em>Les accords de Paris (COP21) pr\u00e9voient d\u2019atteindre la neutralit\u00e9 carbone au niveau mondial en 2050. Pour ce faire, nous devons b\u00e2tir de nouvelles infrastructures de production, stockage, transport et utilisation d\u2019\u00e9nergie qui consomment de nombreuses mati\u00e8res premi\u00e8res. Ces mati\u00e8res premi\u00e8res demandent quant \u00e0 elles des quantit\u00e9s importantes d\u2019\u00e9nergie pour \u00eatre produites.&nbsp; Les enjeux mati\u00e8res premi\u00e8res-\u00e9nergie sont donc indissociables et l\u2019\u00e9volution vers les \u00e9nergies bas-carbone doit se faire dans un contexte de forte croissante de la demande&nbsp;due \u00e0 l\u2019\u00e9mergence \u00e9conomique rapide de pays en voie de d\u00e9veloppement, l\u2019urbanisation et le d\u00e9veloppement des nouvelles technologies. Si les tendances actuelles se poursuivent, nous devrons d\u2019ici 2050 produire plus de m\u00e9taux que nous n\u2019en avons produits depuis le d\u00e9but de l\u2019humanit\u00e9.<\/em><\/p>\n\n\n\n<p class=\"has-small-font-size\"><em>C\u2019est dans ce contexte tendu que se posent les enjeux de l\u2019approvisionnement en mati\u00e8res premi\u00e8res et en \u00e9nergie, avec deux visions oppos\u00e9es&nbsp;: certains anticipent une p\u00e9nurie dans le courant du si\u00e8cle alors que d\u2019autres affirment que l\u2019\u00e9volution technologique et le recyclage permettront de maintenir l\u2019augmentation de production observ\u00e9e depuis un si\u00e8cle (3-5%\/an). La mod\u00e9lisation dynamique montre qu\u2019il n\u2019existe pas de solution unique, mais elle permet de mieux comprendre les couplages entre r\u00e9serves-production primaire et recyclage-\u00e9conomie-\u00e9nergie et de comparer les impacts des diff\u00e9rents sc\u00e9narios \u00e9nerg\u00e9tiques mondiaux.<\/em><\/p>\n\n\n\n<p class=\"has-cyan-bluish-gray-background-color has-background\"><strong>Alexandre Zampa<\/strong> (N\u00e9el)<br>\u00ab\u00a0Parlons climat avec \u00e9nergie\u00a0\u00bb (2\/3\/2020)<\/p>\n\n\n\n<p class=\"has-small-font-size\"><em>C&rsquo;est un document de synth\u00e8se r\u00e9alis\u00e9 par l&rsquo;association Avenir Climatique qui pose les bases en mati\u00e8re de changement climatique. Les \u00e9nergies fossiles sont exceptionnelles : tr\u00e8s concentr\u00e9es et facilement utilisables. Elles sont \u00e0 l&rsquo;origine du monde comme on le connait aujourd&rsquo;hui. Seulement, les \u00e9missions CO2 perturbent le syst\u00e8me climatique. Malgr\u00e9 les cons\u00e9quences d\u00e9sastreuses pour l&rsquo;Homme, des solutions existent et seront pr\u00e9sent\u00e9es.<\/em><\/p>\n\n\n\n<p class=\"has-cyan-bluish-gray-background-color has-background\"><strong>Benjamin Pigeau<\/strong> (N\u00e9el)<br>\u00ab\u00a0Devons nous arr\u00eater la recherche scientifique ? A. Grothendieck 50 apr\u00e8s\u00a0\u00bb (10\/2\/2020)<\/p>\n\n\n\n<p>Ressource externe : Conf\u00e9rence d&rsquo;Alexander Grothendieck donn\u00e9e en janvier 1972 au CERN (par ex. voir <a href=\"https:\/\/medias.pingbase.net\/w\/5sBKSYJ7voTb5MEMKEPkZG\">https:\/\/medias.pingbase.net\/w\/5sBKSYJ7voTb5MEMKEPkZG<\/a>  )<\/p>\n\n\n\n<p class=\"has-cyan-bluish-gray-background-color has-background\"><strong>Didier Mayou<\/strong><br>\u00ab\u00a0comprendre l&rsquo;urgence climatique\u00a0\u00bb (25\/11\/2019)<\/p>\n\n\n\n<p><\/p>\n","protected":false},"excerpt":{"rendered":"<p>Les conf\u00e9rences du CLeT Alexandre Mauries, Coordinateur RSE chez Cros, S.A.S \u00e0 Mission, nous parlera de l&rsquo;\u00e9volution de gouvernance d&rsquo;une PME : \u00ab\u00a0du refus de courir apr\u00e8s la croissance pour mieux promouvoir la prosp\u00e9rit\u00e9\u00a0\u00bb (1\/7\/2022) Comment une PME familiale de plus de 200 ans d\u2019exp\u00e9rience \u00a0puise l\u2019\u00e9nergie de la transformation pour s\u2019interroger sur ses capacit\u00e9s &hellip; <\/p>\n<p class=\"link-more\"><a href=\"https:\/\/transition.neel.cnrs.fr\/index.php\/seminaires\/\" class=\"more-link\">Continuer la lecture<span class=\"screen-reader-text\"> de &laquo;&nbsp;&nbsp;&raquo;<\/span><\/a><\/p>\n","protected":false},"author":7,"featured_media":0,"parent":0,"menu_order":0,"comment_status":"closed","ping_status":"closed","template":"","meta":[],"_links":{"self":[{"href":"https:\/\/transition.neel.cnrs.fr\/index.php\/wp-json\/wp\/v2\/pages\/921"}],"collection":[{"href":"https:\/\/transition.neel.cnrs.fr\/index.php\/wp-json\/wp\/v2\/pages"}],"about":[{"href":"https:\/\/transition.neel.cnrs.fr\/index.php\/wp-json\/wp\/v2\/types\/page"}],"author":[{"embeddable":true,"href":"https:\/\/transition.neel.cnrs.fr\/index.php\/wp-json\/wp\/v2\/users\/7"}],"replies":[{"embeddable":true,"href":"https:\/\/transition.neel.cnrs.fr\/index.php\/wp-json\/wp\/v2\/comments?post=921"}],"version-history":[{"count":119,"href":"https:\/\/transition.neel.cnrs.fr\/index.php\/wp-json\/wp\/v2\/pages\/921\/revisions"}],"predecessor-version":[{"id":1412,"href":"https:\/\/transition.neel.cnrs.fr\/index.php\/wp-json\/wp\/v2\/pages\/921\/revisions\/1412"}],"wp:attachment":[{"href":"https:\/\/transition.neel.cnrs.fr\/index.php\/wp-json\/wp\/v2\/media?parent=921"}],"curies":[{"name":"wp","href":"https:\/\/api.w.org\/{rel}","templated":true}]}}