{"id":772,"date":"2021-07-19T17:20:42","date_gmt":"2021-07-19T15:20:42","guid":{"rendered":"https:\/\/transition.neel.cnrs.fr\/?page_id=772"},"modified":"2023-04-19T18:12:31","modified_gmt":"2023-04-19T16:12:31","slug":"a-la-une","status":"publish","type":"page","link":"https:\/\/transition.neel.cnrs.fr\/index.php\/a-la-une\/","title":{"rendered":"Agenda \u00e9largi pour grenoblois"},"content":{"rendered":"\n<p>Ce service a \u00e9t\u00e9 d\u00e9sactiv\u00e9 d\u00e9but 2023.<\/p>\n\n\n\n<p><\/p>\n\n\n\n<p>\u00c9v\u00e9nements organis\u00e9s dans la r\u00e9gion grenobloise (ou en ligne) sur les th\u00e9matiques de Transition, en lien avec l\u2019Enseignement sup\u00e9rieur et la Recherche ( \ud83d\udcc5 <a href=\"http:\/\/cal.24x24.net\/ram\/transitionGrenoble.ics\">abonnement ical \/ ics<\/a>)<\/p>\n\n\n<p><iframe id=\"listeEvenements\" style=\"width: 130%; height: 800px;\" scrolling=\"yes\" title=\"listes evenements\" src=\"https:\/\/cal.24x24.net\/iframe.php?qui=evenements_academiques,evenements_citoyens,atecopol,Reunions-Campus-d-apres&amp;ou=grenoble,online\" frameborder=\"0\"><\/iframe><\/p>\n\n\n\n<p>Recherche d&rsquo;autres \u00e9v\u00e9nements : <a rel=\"noreferrer noopener\" href=\"https:\/\/cal.24x24.net\/index.php?ou=grenoble&amp;addou=online\" target=\"_blank\">cal.24&#215;24.net<\/a><\/p>\n\n\n\n<h2>Proposer un \u00e9v\u00e9nement<\/h2>\n\n\n<p><iframe id=\"ajoutEvenements\" style=\"width: 100%; height: 500px;\" title=\"ajout evenements\" src=\"https:\/\/cal.24x24.net\/add.php\" frameborder=\"0\"><\/iframe><\/p>\n","protected":false},"excerpt":{"rendered":"<p>Ce service a \u00e9t\u00e9 d\u00e9sactiv\u00e9 d\u00e9but 2023. \u00c9v\u00e9nements organis\u00e9s dans la r\u00e9gion grenobloise (ou en ligne) sur les th\u00e9matiques de Transition, en lien avec l\u2019Enseignement sup\u00e9rieur et la Recherche ( \ud83d\udcc5 abonnement ical \/ ics) Recherche d&rsquo;autres \u00e9v\u00e9nements : cal.24&#215;24.net Proposer un \u00e9v\u00e9nement<\/p>\n","protected":false},"author":7,"featured_media":0,"parent":0,"menu_order":0,"comment_status":"closed","ping_status":"closed","template":"","meta":[],"_links":{"self":[{"href":"https:\/\/transition.neel.cnrs.fr\/index.php\/wp-json\/wp\/v2\/pages\/772"}],"collection":[{"href":"https:\/\/transition.neel.cnrs.fr\/index.php\/wp-json\/wp\/v2\/pages"}],"about":[{"href":"https:\/\/transition.neel.cnrs.fr\/index.php\/wp-json\/wp\/v2\/types\/page"}],"author":[{"embeddable":true,"href":"https:\/\/transition.neel.cnrs.fr\/index.php\/wp-json\/wp\/v2\/users\/7"}],"replies":[{"embeddable":true,"href":"https:\/\/transition.neel.cnrs.fr\/index.php\/wp-json\/wp\/v2\/comments?post=772"}],"version-history":[{"count":48,"href":"https:\/\/transition.neel.cnrs.fr\/index.php\/wp-json\/wp\/v2\/pages\/772\/revisions"}],"predecessor-version":[{"id":1409,"href":"https:\/\/transition.neel.cnrs.fr\/index.php\/wp-json\/wp\/v2\/pages\/772\/revisions\/1409"}],"wp:attachment":[{"href":"https:\/\/transition.neel.cnrs.fr\/index.php\/wp-json\/wp\/v2\/media?parent=772"}],"curies":[{"name":"wp","href":"https:\/\/api.w.org\/{rel}","templated":true}]}}