{"id":654,"date":"2021-05-27T10:50:09","date_gmt":"2021-05-27T10:50:09","guid":{"rendered":"https:\/\/transition.neel.cnrs.fr\/?page_id=654"},"modified":"2022-05-02T11:26:26","modified_gmt":"2022-05-02T09:26:26","slug":"bilan-carbon-neel","status":"publish","type":"page","link":"https:\/\/transition.neel.cnrs.fr\/index.php\/bilan-carbon-neel\/","title":{"rendered":"Bilan Carbone de l&rsquo;Institut N\u00c9EL"},"content":{"rendered":"\n<p><\/p>\n\n\n\n<div class=\"wp-container-1 wp-block-group\"><div class=\"wp-block-group__inner-container\">\n<figure class=\"wp-block-image size-large\"><img loading=\"lazy\" width=\"1024\" height=\"179\" src=\"https:\/\/transition.neel.cnrs.fr\/wp-content\/uploads\/2022\/02\/Capture-de\u0301cran-2022-02-11-a\u0300-23.44.43-2-1024x179.jpg\" alt=\"\" class=\"wp-image-1033\" srcset=\"https:\/\/transition.neel.cnrs.fr\/wp-content\/uploads\/2022\/02\/Capture-de\u0301cran-2022-02-11-a\u0300-23.44.43-2-1024x179.jpg 1024w, https:\/\/transition.neel.cnrs.fr\/wp-content\/uploads\/2022\/02\/Capture-de\u0301cran-2022-02-11-a\u0300-23.44.43-2-300x53.jpg 300w, https:\/\/transition.neel.cnrs.fr\/wp-content\/uploads\/2022\/02\/Capture-de\u0301cran-2022-02-11-a\u0300-23.44.43-2-768x134.jpg 768w, https:\/\/transition.neel.cnrs.fr\/wp-content\/uploads\/2022\/02\/Capture-de\u0301cran-2022-02-11-a\u0300-23.44.43-2-1536x269.jpg 1536w, https:\/\/transition.neel.cnrs.fr\/wp-content\/uploads\/2022\/02\/Capture-de\u0301cran-2022-02-11-a\u0300-23.44.43-2.jpg 1754w\" sizes=\"(max-width: 706px) 89vw, (max-width: 767px) 82vw, 740px\" \/><figcaption>BGES par poste<\/figcaption><\/figure>\n<\/div><\/div>\n\n\n\n<div class=\"wp-container-2 wp-block-group\"><div class=\"wp-block-group__inner-container\">\n<figure class=\"wp-block-gallery aligncenter has-nested-images columns-default\">\n<figure class=\"wp-block-image size-large\"><img loading=\"lazy\" width=\"986\" height=\"528\" src=\"https:\/\/transition.neel.cnrs.fr\/wp-content\/uploads\/2022\/03\/BGES_Neel_achat.jpg\" alt=\"\" class=\"wp-image-1119\" srcset=\"https:\/\/transition.neel.cnrs.fr\/wp-content\/uploads\/2022\/03\/BGES_Neel_achat.jpg 986w, https:\/\/transition.neel.cnrs.fr\/wp-content\/uploads\/2022\/03\/BGES_Neel_achat-300x161.jpg 300w, https:\/\/transition.neel.cnrs.fr\/wp-content\/uploads\/2022\/03\/BGES_Neel_achat-768x411.jpg 768w\" sizes=\"(max-width: 706px) 89vw, (max-width: 767px) 82vw, 740px\" \/><figcaption>BGES des achats<\/figcaption><\/figure>\n\n\n\n<figure class=\"wp-block-image size-large\"><img loading=\"lazy\" width=\"410\" height=\"212\" src=\"https:\/\/transition.neel.cnrs.fr\/wp-content\/uploads\/2022\/02\/Capture-de\u0301cran-2022-02-11-a\u0300-23.47.04-1.jpg\" alt=\"\" class=\"wp-image-1036\" srcset=\"https:\/\/transition.neel.cnrs.fr\/wp-content\/uploads\/2022\/02\/Capture-de\u0301cran-2022-02-11-a\u0300-23.47.04-1.jpg 410w, https:\/\/transition.neel.cnrs.fr\/wp-content\/uploads\/2022\/02\/Capture-de\u0301cran-2022-02-11-a\u0300-23.47.04-1-300x155.jpg 300w\" sizes=\"(max-width: 410px) 100vw, 410px\" \/><figcaption>BGES des missions<\/figcaption><\/figure>\n<\/figure>\n<\/div><\/div>\n\n\n\n<p class=\"has-text-align-center\">Documents \u00e0 t\u00e9l\u00e9charger&nbsp;:<\/p>\n\n\n\n<p><a href=\"https:\/\/transition.neel.cnrs.fr\/wp-content\/uploads\/2022\/03\/Bilan_carbone_BGES_Neel_rapport_version_mars2022.pdf\">Rapport chiffrant le bilan carbone \/ BGES de l&rsquo;Institut N\u00e9el, en 60 pages (1,4 Mo)<\/a><\/p>\n\n\n\n<p><a href=\"https:\/\/transition.neel.cnrs.fr\/wp-content\/uploads\/2022\/03\/Bilan_carbone_BGES_Neel_presentation_version_mars2021.pdf\">Pr\u00e9sentation du bilan carbone \/ BGES 2018 de l\u2019Institut N\u00e9el, en 24 planches (2,4 Mo)<\/a><\/p>\n\n\n\n<p><a href=\"https:\/\/transition.neel.cnrs.fr\/wp-content\/uploads\/2022\/03\/TypologieMission_Neel_presentation_version_Sept2021.pdf\">Pr\u00e9sentation de la typologie des d\u00e9placements professionnels (\u00ab\u00a0missions\u00a0\u00bb), de leur bilan carbone, et de sc\u00e9nario de r\u00e9duction, en 6 planches (1,4Mo)<\/a><\/p>\n\n\n\n<p><a href=\"https:\/\/transition.neel.cnrs.fr\/wp-content\/uploads\/2022\/05\/TypologieAchats_Neel_presentation_version_Mai2022.pdf\">Pr\u00e9sentation de la typologie des achats de leur bilan carbone (210 ko)<\/a><\/p>\n\n\n\n<div class=\"wp-container-3 wp-block-group\"><div class=\"wp-block-group__inner-container\"><\/div><\/div>\n\n\n\n<p><\/p>\n","protected":false},"excerpt":{"rendered":"<p>Documents \u00e0 t\u00e9l\u00e9charger&nbsp;: Rapport chiffrant le bilan carbone \/ BGES de l&rsquo;Institut N\u00e9el, en 60 pages (1,4 Mo) Pr\u00e9sentation du bilan carbone \/ BGES 2018 de l\u2019Institut N\u00e9el, en 24 planches (2,4 Mo) Pr\u00e9sentation de la typologie des d\u00e9placements professionnels (\u00ab\u00a0missions\u00a0\u00bb), de leur bilan carbone, et de sc\u00e9nario de r\u00e9duction, en 6 planches (1,4Mo) Pr\u00e9sentation &hellip; <\/p>\n<p class=\"link-more\"><a href=\"https:\/\/transition.neel.cnrs.fr\/index.php\/bilan-carbon-neel\/\" class=\"more-link\">Continuer la lecture<span class=\"screen-reader-text\"> de &laquo;&nbsp;Bilan Carbone de l&rsquo;Institut N\u00c9EL&nbsp;&raquo;<\/span><\/a><\/p>\n","protected":false},"author":3,"featured_media":0,"parent":0,"menu_order":0,"comment_status":"closed","ping_status":"closed","template":"","meta":[],"_links":{"self":[{"href":"https:\/\/transition.neel.cnrs.fr\/index.php\/wp-json\/wp\/v2\/pages\/654"}],"collection":[{"href":"https:\/\/transition.neel.cnrs.fr\/index.php\/wp-json\/wp\/v2\/pages"}],"about":[{"href":"https:\/\/transition.neel.cnrs.fr\/index.php\/wp-json\/wp\/v2\/types\/page"}],"author":[{"embeddable":true,"href":"https:\/\/transition.neel.cnrs.fr\/index.php\/wp-json\/wp\/v2\/users\/3"}],"replies":[{"embeddable":true,"href":"https:\/\/transition.neel.cnrs.fr\/index.php\/wp-json\/wp\/v2\/comments?post=654"}],"version-history":[{"count":43,"href":"https:\/\/transition.neel.cnrs.fr\/index.php\/wp-json\/wp\/v2\/pages\/654\/revisions"}],"predecessor-version":[{"id":1354,"href":"https:\/\/transition.neel.cnrs.fr\/index.php\/wp-json\/wp\/v2\/pages\/654\/revisions\/1354"}],"wp:attachment":[{"href":"https:\/\/transition.neel.cnrs.fr\/index.php\/wp-json\/wp\/v2\/media?parent=654"}],"curies":[{"name":"wp","href":"https:\/\/api.w.org\/{rel}","templated":true}]}}