{"id":626,"date":"2021-05-25T20:34:09","date_gmt":"2021-05-25T20:34:09","guid":{"rendered":"https:\/\/transition.neel.cnrs.fr\/?page_id=626"},"modified":"2021-05-25T20:34:09","modified_gmt":"2021-05-25T20:34:09","slug":"outils-bilan-carbone","status":"publish","type":"page","link":"https:\/\/transition.neel.cnrs.fr\/index.php\/outils-bilan-carbone\/","title":{"rendered":"Outils bilan carbone"},"content":{"rendered":"\n<p>Ci-dessous une liste d&rsquo;outils pour mesurer son empreinte carbone et comprendre l&rsquo;impact de ses actions.<\/p>\n\n\n\n<ul><li>ademe : <a href=\"https:\/\/www.bilans-ges.ademe.fr\">https:\/\/www.bilans-ges.ademe.fr<\/a><\/li><li>GES1point5 : <a href=\"https:\/\/labos1point5.org\/ges-1point5\">https:\/\/labos1point5.org\/ges-1point5<\/a><\/li><li>Footprint Network : <a href=\"https:\/\/www.footprintnetwork.org\/\">https:\/\/www.footprintnetwork.org\/<\/a><\/li><li><a href=\"https:\/\/nosgestesclimat.fr\/simulateur\/bilan\">https:\/\/nosgestesclimat.fr\/simulateur\/bilan<\/a><\/li><li>carbon 4 : <a href=\"https:\/\/www.myco2.fr\">https:\/\/www.myco2.fr<\/a><\/li><li>shift project : <a href=\"https:\/\/theshiftproject.org\/carbonalyser-extension-navigateur\/\">https:\/\/theshiftproject.org\/carbonalyser-extension-navigateur\/<\/a><\/li><li>Ma terre en 180\u2019 (1er outil collaboratif du monde acad\u00e9mique pour construire des sc\u00e9narios de r\u00e9duction de son empreinte carbone) : <a href=\"https:\/\/materre.osug.fr\/\">https:\/\/materre.osug.fr\/<\/a><\/li><\/ul>\n\n\n\n<p><\/p>\n","protected":false},"excerpt":{"rendered":"<p>Ci-dessous une liste d&rsquo;outils pour mesurer son empreinte carbone et comprendre l&rsquo;impact de ses actions. ademe : https:\/\/www.bilans-ges.ademe.fr GES1point5 : https:\/\/labos1point5.org\/ges-1point5 Footprint Network : https:\/\/www.footprintnetwork.org\/ https:\/\/nosgestesclimat.fr\/simulateur\/bilan carbon 4 : https:\/\/www.myco2.fr shift project : https:\/\/theshiftproject.org\/carbonalyser-extension-navigateur\/ Ma terre en 180\u2019 (1er outil collaboratif du monde acad\u00e9mique pour construire des sc\u00e9narios de r\u00e9duction de son empreinte carbone) : &hellip; <\/p>\n<p class=\"link-more\"><a href=\"https:\/\/transition.neel.cnrs.fr\/index.php\/outils-bilan-carbone\/\" class=\"more-link\">Continuer la lecture<span class=\"screen-reader-text\"> de &laquo;&nbsp;Outils bilan carbone&nbsp;&raquo;<\/span><\/a><\/p>\n","protected":false},"author":3,"featured_media":0,"parent":0,"menu_order":0,"comment_status":"closed","ping_status":"closed","template":"","meta":[],"_links":{"self":[{"href":"https:\/\/transition.neel.cnrs.fr\/index.php\/wp-json\/wp\/v2\/pages\/626"}],"collection":[{"href":"https:\/\/transition.neel.cnrs.fr\/index.php\/wp-json\/wp\/v2\/pages"}],"about":[{"href":"https:\/\/transition.neel.cnrs.fr\/index.php\/wp-json\/wp\/v2\/types\/page"}],"author":[{"embeddable":true,"href":"https:\/\/transition.neel.cnrs.fr\/index.php\/wp-json\/wp\/v2\/users\/3"}],"replies":[{"embeddable":true,"href":"https:\/\/transition.neel.cnrs.fr\/index.php\/wp-json\/wp\/v2\/comments?post=626"}],"version-history":[{"count":1,"href":"https:\/\/transition.neel.cnrs.fr\/index.php\/wp-json\/wp\/v2\/pages\/626\/revisions"}],"predecessor-version":[{"id":627,"href":"https:\/\/transition.neel.cnrs.fr\/index.php\/wp-json\/wp\/v2\/pages\/626\/revisions\/627"}],"wp:attachment":[{"href":"https:\/\/transition.neel.cnrs.fr\/index.php\/wp-json\/wp\/v2\/media?parent=626"}],"curies":[{"name":"wp","href":"https:\/\/api.w.org\/{rel}","templated":true}]}}