{"id":618,"date":"2021-05-25T20:33:07","date_gmt":"2021-05-25T20:33:07","guid":{"rendered":"https:\/\/transition.neel.cnrs.fr\/?page_id=618"},"modified":"2022-04-21T10:43:07","modified_gmt":"2022-04-21T08:43:07","slug":"organisations","status":"publish","type":"page","link":"https:\/\/transition.neel.cnrs.fr\/index.php\/organisations\/","title":{"rendered":"Organisations"},"content":{"rendered":"\n<p>pour rajouter un lien vers votre collectif (acad\u00e9mique), \u00e9crivez nous<\/p>\n\n\n\n<h2><strong>Collectifs ou initiatives du milieu acad\u00e9mique<\/strong><\/h2>\n\n\n\n<ul><li>Collectif<strong> <a href=\"https:\/\/campusdapres-grenoble.org\">CAMPUS d&rsquo;apr\u00e8s Grenoble<\/a><\/strong> (Des acad\u00e9miques grenoblois mobilis\u00e9s pour des campus plus soutenables)<\/li><li><strong><a rel=\"noreferrer noopener\" href=\"https:\/\/labos1point5.org\/\" target=\"_blank\">Collectif Labos 1point5<\/a><\/strong> (mieux comprendre et r\u00e9duire l\u2019impact des activit\u00e9s de recherche scientifique sur l&rsquo;environnement, en particulier sur le climat)<\/li><li> <strong><a rel=\"noreferrer noopener\" href=\"https:\/\/ecoinfo.cnrs.fr\/\" target=\"_blank\">EcoInfo<\/a><\/strong> (Groupement de service CNRS pour une informatique \u00e9co-responsable)<\/li><li>L\u2019Atelier d\u2019\u00e9cologie politique de Toulouse (<strong><a rel=\"noreferrer noopener\" href=\"https:\/\/atecopol.hypotheses.org\/\" target=\"_blank\">At\u00e9copol<\/a><\/strong><a rel=\"noreferrer noopener\" href=\"https:\/\/ecopolien.hypotheses.org\/\" target=\"_blank\">)<\/a> et <a rel=\"noreferrer noopener\" href=\"https:\/\/ecopolien.hypotheses.org\/\" target=\"_blank\">francilien<\/a><\/li><li><strong><a rel=\"noreferrer noopener\" href=\"https:\/\/materre.osug.fr\/\" target=\"_blank\">Ma terre en 180\u2019<\/a><\/strong> (1er outil collaboratif du monde acad\u00e9mique pour construire des sc\u00e9narios de r\u00e9duction de son empreinte carbone)<\/li><\/ul>\n\n\n\n<p><\/p>\n","protected":false},"excerpt":{"rendered":"<p>pour rajouter un lien vers votre collectif (acad\u00e9mique), \u00e9crivez nous Collectifs ou initiatives du milieu acad\u00e9mique Collectif CAMPUS d&rsquo;apr\u00e8s Grenoble (Des acad\u00e9miques grenoblois mobilis\u00e9s pour des campus plus soutenables) Collectif Labos 1point5 (mieux comprendre et r\u00e9duire l\u2019impact des activit\u00e9s de recherche scientifique sur l&rsquo;environnement, en particulier sur le climat) EcoInfo (Groupement de service CNRS pour &hellip; <\/p>\n<p class=\"link-more\"><a href=\"https:\/\/transition.neel.cnrs.fr\/index.php\/organisations\/\" class=\"more-link\">Continuer la lecture<span class=\"screen-reader-text\"> de &laquo;&nbsp;Organisations&nbsp;&raquo;<\/span><\/a><\/p>\n","protected":false},"author":3,"featured_media":0,"parent":0,"menu_order":0,"comment_status":"closed","ping_status":"closed","template":"","meta":[],"_links":{"self":[{"href":"https:\/\/transition.neel.cnrs.fr\/index.php\/wp-json\/wp\/v2\/pages\/618"}],"collection":[{"href":"https:\/\/transition.neel.cnrs.fr\/index.php\/wp-json\/wp\/v2\/pages"}],"about":[{"href":"https:\/\/transition.neel.cnrs.fr\/index.php\/wp-json\/wp\/v2\/types\/page"}],"author":[{"embeddable":true,"href":"https:\/\/transition.neel.cnrs.fr\/index.php\/wp-json\/wp\/v2\/users\/3"}],"replies":[{"embeddable":true,"href":"https:\/\/transition.neel.cnrs.fr\/index.php\/wp-json\/wp\/v2\/comments?post=618"}],"version-history":[{"count":24,"href":"https:\/\/transition.neel.cnrs.fr\/index.php\/wp-json\/wp\/v2\/pages\/618\/revisions"}],"predecessor-version":[{"id":1338,"href":"https:\/\/transition.neel.cnrs.fr\/index.php\/wp-json\/wp\/v2\/pages\/618\/revisions\/1338"}],"wp:attachment":[{"href":"https:\/\/transition.neel.cnrs.fr\/index.php\/wp-json\/wp\/v2\/media?parent=618"}],"curies":[{"name":"wp","href":"https:\/\/api.w.org\/{rel}","templated":true}]}}