{"id":1263,"date":"2022-04-11T17:13:34","date_gmt":"2022-04-11T15:13:34","guid":{"rendered":"https:\/\/transition.neel.cnrs.fr\/?page_id=1263"},"modified":"2022-04-12T00:23:25","modified_gmt":"2022-04-11T22:23:25","slug":"analyse-des-resultats-du-sondage-missions","status":"publish","type":"page","link":"https:\/\/transition.neel.cnrs.fr\/index.php\/analyse-des-resultats-du-sondage-missions\/","title":{"rendered":"Analyse des r\u00e9sultats du \u00ab\u00a0sondage missions\u00a0\u00bb"},"content":{"rendered":"\n<p class=\"has-text-align-right\">11 avril 2022<\/p>\n\n\n\n<p>Un groupe du collectif labo en transition (CLET) a r\u00e9dig\u00e9 une analyse<br>des r\u00e9sultats du <a href=\"https:\/\/neel.cnrs.fr\/wp-content\/uploads\/2022\/04\/Resultats_sondage_mission_Neel.pdf\">sondage de la direction<\/a> au sujet de la r\u00e9duction des<br>\u00e9missions de gaz \u00e0 effet de serre (f\u00e9vrier 2022)<\/p>\n\n\n\n<p class=\"has-pale-cyan-blue-background-color has-background\"><strong>R\u00e9sum\u00e9 :<\/strong> Le sondage a fait l&rsquo;objet d&rsquo;une forte participation, ce qui<br>traduit un int\u00e9r\u00eat manifeste pour le sujet. La volont\u00e9 de r\u00e9duire les<br>\u00e9missions de gaz \u00e0 effet de serre est massive (85 %). La mise en place<br>d\u2019un quota rencontre la plus forte adh\u00e9sion (75 %). Il y a par<br>ailleurs une attente notable d\u2019informations relatives au sujet.<\/p>\n\n\n\n<p class=\"has-text-align-left\"><strong>Commentaires des r\u00e9sultats du sondage :<\/strong>   <a href=\"https:\/\/transition.neel.cnrs.fr\/wp-content\/uploads\/2022\/04\/commentaires.pdf\">version pdf<\/a><\/p>\n\n\n\n<p class=\"wp-block-pdfemb-pdf-embedder-viewer\"><\/p>\n\n\n\n<p><\/p>\n","protected":false},"excerpt":{"rendered":"<p>11 avril 2022 Un groupe du collectif labo en transition (CLET) a r\u00e9dig\u00e9 une analysedes r\u00e9sultats du sondage de la direction au sujet de la r\u00e9duction des\u00e9missions de gaz \u00e0 effet de serre (f\u00e9vrier 2022) R\u00e9sum\u00e9 : Le sondage a fait l&rsquo;objet d&rsquo;une forte participation, ce quitraduit un int\u00e9r\u00eat manifeste pour le sujet. La volont\u00e9 &hellip; <\/p>\n<p class=\"link-more\"><a href=\"https:\/\/transition.neel.cnrs.fr\/index.php\/analyse-des-resultats-du-sondage-missions\/\" class=\"more-link\">Continuer la lecture<span class=\"screen-reader-text\"> de &laquo;&nbsp;Analyse des r\u00e9sultats du \u00ab\u00a0sondage missions\u00a0\u00bb&nbsp;&raquo;<\/span><\/a><\/p>\n","protected":false},"author":3,"featured_media":0,"parent":0,"menu_order":0,"comment_status":"closed","ping_status":"closed","template":"","meta":[],"_links":{"self":[{"href":"https:\/\/transition.neel.cnrs.fr\/index.php\/wp-json\/wp\/v2\/pages\/1263"}],"collection":[{"href":"https:\/\/transition.neel.cnrs.fr\/index.php\/wp-json\/wp\/v2\/pages"}],"about":[{"href":"https:\/\/transition.neel.cnrs.fr\/index.php\/wp-json\/wp\/v2\/types\/page"}],"author":[{"embeddable":true,"href":"https:\/\/transition.neel.cnrs.fr\/index.php\/wp-json\/wp\/v2\/users\/3"}],"replies":[{"embeddable":true,"href":"https:\/\/transition.neel.cnrs.fr\/index.php\/wp-json\/wp\/v2\/comments?post=1263"}],"version-history":[{"count":13,"href":"https:\/\/transition.neel.cnrs.fr\/index.php\/wp-json\/wp\/v2\/pages\/1263\/revisions"}],"predecessor-version":[{"id":1280,"href":"https:\/\/transition.neel.cnrs.fr\/index.php\/wp-json\/wp\/v2\/pages\/1263\/revisions\/1280"}],"wp:attachment":[{"href":"https:\/\/transition.neel.cnrs.fr\/index.php\/wp-json\/wp\/v2\/media?parent=1263"}],"curies":[{"name":"wp","href":"https:\/\/api.w.org\/{rel}","templated":true}]}}