{"id":1039,"date":"2022-02-12T01:26:39","date_gmt":"2022-02-11T23:26:39","guid":{"rendered":"https:\/\/transition.neel.cnrs.fr\/?page_id=1039"},"modified":"2022-02-14T21:44:04","modified_gmt":"2022-02-14T19:44:04","slug":"changer-loffre-de-restauration","status":"publish","type":"page","link":"https:\/\/transition.neel.cnrs.fr\/index.php\/changer-loffre-de-restauration\/","title":{"rendered":"Changer l&rsquo;offre de restauration"},"content":{"rendered":"\n<p>Initiatives pour que l&rsquo;offre de restauration d&rsquo;entreprise du restaurant H2 soit plus \u00e9co-responsable<\/p>\n\n\n\n<ul><li>campagnes aupr\u00e8s des usagers. <\/li><\/ul>\n\n\n\n<div class=\"wp-block-media-text alignwide has-media-on-the-right is-stacked-on-mobile\"><figure class=\"wp-block-media-text__media\"><img loading=\"lazy\" width=\"930\" height=\"793\" src=\"https:\/\/transition.neel.cnrs.fr\/wp-content\/uploads\/2022\/02\/Capture-de\u0301cran-2022-02-12-a\u0300-00.19.15-2.jpg\" alt=\"\" class=\"wp-image-1042 size-full\" srcset=\"https:\/\/transition.neel.cnrs.fr\/wp-content\/uploads\/2022\/02\/Capture-de\u0301cran-2022-02-12-a\u0300-00.19.15-2.jpg 930w, https:\/\/transition.neel.cnrs.fr\/wp-content\/uploads\/2022\/02\/Capture-de\u0301cran-2022-02-12-a\u0300-00.19.15-2-300x256.jpg 300w, https:\/\/transition.neel.cnrs.fr\/wp-content\/uploads\/2022\/02\/Capture-de\u0301cran-2022-02-12-a\u0300-00.19.15-2-768x655.jpg 768w\" sizes=\"(max-width: 706px) 89vw, (max-width: 767px) 82vw, 740px\" \/><\/figure><div class=\"wp-block-media-text__content\">\n<p style=\"font-size:15px\"><span class=\"has-inline-color has-vivid-cyan-blue-color\">Exemple : sondage suite \u00e0 la campagne de communication \u00ab\u00a0virage \u00e0 table\u00a0\u00bb<\/span><\/p>\n<\/div><\/div>\n\n\n\n<ul><li>message remont\u00e9 par la voie hi\u00e9rarchique.<\/li><\/ul>\n\n\n\n<figure class=\"wp-block-table\"><table><thead><tr><th><span class=\"has-inline-color has-vivid-cyan-blue-color\">Exemple: CR officieux de rencontre avec la d\u00e9l\u00e9gu\u00e9e r\u00e9gionale du CNRS Alpes<\/span><\/th><\/tr><\/thead><tbody><tr><td><em><span class=\"has-inline-color has-vivid-cyan-blue-color\"><small>Ce mardi 23\/11\/2021, Madame la D\u00e9l\u00e9gu\u00e9e, Marjorie Fraisse, a re\u00e7u deux repr\u00e9sentants du collectif Labo en Transition du Polygone CNRS, Gabriele D&rsquo;Avino et Philippe Roche. Ce collectif est ci-apr\u00e8s d\u00e9sign\u00e9 par son acronyme CLET. Elle r\u00e9pondait \u00e0 notre demande de RV pour \u00e9voquer la question de la restauration.<br>Madame la D\u00e9l\u00e9gu\u00e9e a pris le temps pour un long \u00e9change qui a commenc\u00e9 par une description g\u00e9n\u00e9rale du collectif CLET, au del\u00e0 de la question de la restauration. Dans un soucis de synth\u00e8se, le compte rendu ci-dessous ne respecte pas l&rsquo;ordre chronologique des \u00e9changes.<br><br>Madame la D\u00e9l\u00e9gu\u00e9e nous explique que la D\u00e9l\u00e9gation ne dispose pas des moyens humains pour s\u2019investir dans la gestion d&rsquo;un restaurant comme H2, et que le CEA est mieux positionn\u00e9 car il profite d&rsquo;effet d\u2019\u00e9chelle (H1, H2, H3). En r\u00e9ponse \u00e0 nos questions, elle nous explique que le CNRS n\u2019a pas \u00e9t\u00e9 associ\u00e9 \u00e0 la r\u00e9daction de l&rsquo;actuel cahier des charges du prestataire de H2 (celui remport\u00e9 par Elior), et que la convention liant le CEA et le CNRS sur la restauration traite essentiellement d&rsquo;aspects financiers.<br><br>Madame Capolini du service Restauration de la DR11 n&rsquo;\u00e9tait pas pr\u00e9sente lors de cette r\u00e9union mais elle avait synth\u00e9tis\u00e9 des retours d&rsquo;usagers (prix, attente en caisse, disposition de verres,\u2026). Sans remettre nullement en cause le travail de Mme Capolini, avec qui nous avons de bonnes relations, nous expliquons que la visibilit\u00e9 de notre collectif suscite d&rsquo;autres retours d&rsquo;usagers sensibles aux questions environnementales. Nous donnons quelques exemples (peut-\u00eatre pas les plus repr\u00e9sentatifs, mais ceux qui nous sont venus en t\u00eate&#8230;):<br>&#8211; absence r\u00e9guli\u00e8re de choix v\u00e9g\u00e9tarien en fin de service alors que l&rsquo;offre carn\u00e9e reste diverse,<br>&#8211; eau des fontaines en plastique transport\u00e9e depuis le Massif Central, alors que celle du robinet \u00e0 Grenoble est tr\u00e8s bonne.<br>&#8211; absence de fruits de saison constat\u00e9e de fa\u00e7on r\u00e9guli\u00e8re en pleine saison de production (ao\u00fbt)<br>&#8211; disparition du cahier de remarques \u00e0 la sortie du restaurant (post-r\u00e9union : constat\u00e9 qu&rsquo;il est revenu, mais en entr\u00e9e de restaurant)<br><br>Nous expliquons que notre approche est constructive. Nous avons d&rsquo;ailleurs d\u00e9j\u00e0 salu\u00e9 des am\u00e9liorations de l&rsquo;offre \u00e0 H2 et avons propos\u00e9 d&rsquo;\u00e9changer avec le CEA, Elior et la soci\u00e9t\u00e9 de conseil FL-conseil (\u00ab virage \u00e0 table \u00bb) sur les questions de durabilit\u00e9, impact climatique,&#8230;Nous d\u00e9plorons une fin de non-recevoir de ces 3 organismes lors de nos tentatives d\u2019\u00e9changes.<br><br>Madame la D\u00e9l\u00e9gu\u00e9e nous explique qu\u2019elle d\u00e9plore le caract\u00e8re provocateur du tract distribu\u00e9 le 7 septembre et qu&rsquo;elle consid\u00e8re que l&rsquo;installation d&rsquo;un rapport de force ne lui semble pas une m\u00e9thode efficace. Pour lever une ambigu\u00eft\u00e9, nous expliquons que ce tractage est issu de membres du Collectif CLET, et qu&rsquo;il n&rsquo;est pas une initiative syndicale m\u00eame si les principaux syndicats du polygone CNRS sont solidaires de la cause que nous d\u00e9fendons. Nous pr\u00e9cisons aussi que le tractage avait lieu \u00e0 l&rsquo;ext\u00e9rieur du restaurant H2.<br><br>Nous expliquons que cette initiative a \u00e9t\u00e9 d\u00e9cid\u00e9e en dernier recours, apr\u00e8s \u00e9chec de multiples tentatives plus douces. En particulier :<br>&#8211; tentatives de communication infructueuses avec le responsable restauration du CEA, Monsieur Frangiamone, depuis 2019<br>&#8211; tentatives de communication avec le g\u00e9rant d\u2019Elior (Monsieur Holmes) + CEA sur les \u00e9crans, dont un courrier du 9 juin rest\u00e9 sans r\u00e9ponse<br>&#8211; participation d\u2019un membre du CLET au 1er comit\u00e9 techniques le 29 juin 2021, per\u00e7ue comme r\u00e9union de communication descendante<br><br>Nous expliquons aussi que le tractage a \u00e9t\u00e9 interrompu d\u00e8s que Florence Liautaud &#8211; G\u00e9rante de FL-conseil \/ Virage \u00e0 Table- s&rsquo;est engag\u00e9e \u00e0 venir pr\u00e9senter et discuter le concept de \u00ab Virage \u00e0 table \u00bb aupr\u00e8s des membres du Collectif CLET et autres usagers int\u00e9ress\u00e9s. Cela illustre notre volont\u00e9 de discuter et d&rsquo;avancer de fa\u00e7on constructive. Malheureusement, elle a finalement d\u00e9cid\u00e9 de ne pas venir&#8230; ce qui illustre la difficult\u00e9 de dialoguer.<br><br>La D\u00e9l\u00e9gation avait \u00e9t\u00e9 inform\u00e9e, via Mme Capolini, des initiatives ci-dessus.<br><br>Nous expliquons qu\u2019il y a une composante militante\/citoyenne dans notre investissement, qui d\u00e9passe le p\u00e9rim\u00e8tre du CNRS ou des relations purement institutionnelles CNRS-CEA. Dans ce cadre, nous souhaitons constituer une mailing liste pour \u00e9changer avec tous les autres usagers de H2 sensibles aux questions de durabilit\u00e9\/d\u00e9carbonation, et tenter de peser sur l\u2019offre de restauration, par exemple dans le contenu des prochains appels d\u2019offres. Cette mailing liste, qui sera g\u00e9r\u00e9e sans recourir aux services informatiques du CNRS, pourrait par exemple \u00eatre constitu\u00e9e \u00e0 l&rsquo;occasion d\u2019un futur tractage devant H2 invitant les volontaires \u00e0 s&rsquo;y inscrire.<br><br>Madame la D\u00e9l\u00e9gu\u00e9e attire notre attention sur le besoin de respecter la r\u00e9glementations RGPD lors de la constitution d&rsquo;une telle liste (lien de d\u00e9sabonnement,&#8230;).<br><br>Nous \u00e9voquons l\u2019importance de disposer d&rsquo;indicateurs chiffr\u00e9s pour juger de l\u2019efficacit\u00e9 des diverses initiatives, et pour savoir si nos pratiques de restauration s&rsquo;inscrivent sur une trajectoire de d\u00e9carbonation compatibles avec la l\u00e9gislation (accord de Paris, Loi Climat-Energie, SNBC2, etc..).<br><br>Madame la D\u00e9l\u00e9gu\u00e9e fait remarquer que la mise en place d&rsquo;indicateurs pourrait \u00eatre lourde et co\u00fbteuse et que le CNRS n\u2019est pas l\u00e9gitime \u00e0 le demander si cela n\u2019est pas pr\u00e9vu dans l\u2019appel d\u2019offre.<br><br>Nous faisons remarquer que cela pouvait \u00eatre dans l\u2019int\u00e9r\u00eat du CEA \/ Elior en terme d\u2019image de s&rsquo;int\u00e9resser sinc\u00e8rement \u00e0 ces questions, et qu\u2019ils auraient beaucoup \u00e0 perdre si une campagne de boycott \u00e9tait organis\u00e9e pour d\u00e9noncer l\u2019hypocrisie du greenwashing des annonces de \u00ab Virage \u00e0 Table \u00bb.<br><br>Relev\u00e9 de d\u00e9cisions :<br>Madame la D\u00e9l\u00e9gu\u00e9e a pris note de 4 demandes qui lui apparaissent l\u00e9gitimes dans un cadre institutionnel, et sur lesquelles elle propose de nous faire un retour:<br>&#8211; demande au CEA des conditions pour organiser un tractage \u00e0 l&rsquo;entr\u00e9e de H2 (que dit le r\u00e8glement int\u00e9rieur du CEA \u00e0 ce sujet ?)<br>&#8211; demande d\u2019un bilan sur l\u2019efficacit\u00e9 de la campagne \u00ab\u00a0Virage \u00e0 Table\u00a0\u00bb<br>&#8211; demande d\u2019informations sur le Comit\u00e9 Technique \u00ab virage \u00e0 table \u00bb (pr\u00e9rogatives, composition, modalit\u00e9s pratiques,\u2026)<br>&#8211; question de la consultation des usagers : que propose le CEA afin de tenir compte des retours usagers CNRS ?<br><br>Concernant la participation du Collectif CLET au comit\u00e9 technique, nous expliquons que cela d\u00e9pendra que l\u2019utilit\u00e9 r\u00e9elle de cette instance \u00e0 nos yeux.<\/small><\/span><\/em><\/td><\/tr><\/tbody><\/table><\/figure>\n\n\n\n<p><\/p>\n","protected":false},"excerpt":{"rendered":"<p>Initiatives pour que l&rsquo;offre de restauration d&rsquo;entreprise du restaurant H2 soit plus \u00e9co-responsable campagnes aupr\u00e8s des usagers. Exemple : sondage suite \u00e0 la campagne de communication \u00ab\u00a0virage \u00e0 table\u00a0\u00bb message remont\u00e9 par la voie hi\u00e9rarchique. Exemple: CR officieux de rencontre avec la d\u00e9l\u00e9gu\u00e9e r\u00e9gionale du CNRS Alpes Ce mardi 23\/11\/2021, Madame la D\u00e9l\u00e9gu\u00e9e, Marjorie Fraisse, &hellip; <\/p>\n<p class=\"link-more\"><a href=\"https:\/\/transition.neel.cnrs.fr\/index.php\/changer-loffre-de-restauration\/\" class=\"more-link\">Continuer la lecture<span class=\"screen-reader-text\"> de &laquo;&nbsp;Changer l&rsquo;offre de restauration&nbsp;&raquo;<\/span><\/a><\/p>\n","protected":false},"author":3,"featured_media":0,"parent":0,"menu_order":0,"comment_status":"closed","ping_status":"closed","template":"","meta":[],"_links":{"self":[{"href":"https:\/\/transition.neel.cnrs.fr\/index.php\/wp-json\/wp\/v2\/pages\/1039"}],"collection":[{"href":"https:\/\/transition.neel.cnrs.fr\/index.php\/wp-json\/wp\/v2\/pages"}],"about":[{"href":"https:\/\/transition.neel.cnrs.fr\/index.php\/wp-json\/wp\/v2\/types\/page"}],"author":[{"embeddable":true,"href":"https:\/\/transition.neel.cnrs.fr\/index.php\/wp-json\/wp\/v2\/users\/3"}],"replies":[{"embeddable":true,"href":"https:\/\/transition.neel.cnrs.fr\/index.php\/wp-json\/wp\/v2\/comments?post=1039"}],"version-history":[{"count":7,"href":"https:\/\/transition.neel.cnrs.fr\/index.php\/wp-json\/wp\/v2\/pages\/1039\/revisions"}],"predecessor-version":[{"id":1073,"href":"https:\/\/transition.neel.cnrs.fr\/index.php\/wp-json\/wp\/v2\/pages\/1039\/revisions\/1073"}],"wp:attachment":[{"href":"https:\/\/transition.neel.cnrs.fr\/index.php\/wp-json\/wp\/v2\/media?parent=1039"}],"curies":[{"name":"wp","href":"https:\/\/api.w.org\/{rel}","templated":true}]}}